{"id":1441,"date":"2016-12-07T14:03:25","date_gmt":"2016-12-07T13:03:25","guid":{"rendered":"https:\/\/elgra-poznan.eu\/pomiary\/"},"modified":"2017-03-09T14:36:20","modified_gmt":"2017-03-09T13:36:20","slug":"messung","status":"publish","type":"page","link":"https:\/\/elgra-poznan.eu\/de\/messung\/","title":{"rendered":"Messungen"},"content":{"rendered":"<p style=\"text-align: center;\"><span style=\"font-size: 12pt; line-height: 30px;\"><strong>Wir realisieren Standard- und fortgeschrittene elektrische Messungen. Dieses gilt sowohl f\u00fcr die Pr\u00fcfung von elektrischen Anlagen, Elektrowerkzeugen als auch f\u00fcr fortgeschrittene Stromqualit\u00e4tsanalysen.<\/strong><br \/>\n<\/span><\/p>\n<p class=\"blue-paragraph\"><span style=\"font-size: 24pt; line-height: 40px;\"><span style=\"font-size: 18pt;\">DER DETAILLIERTE UMFANG DER ARBEITEN UMFASST FOLGENDES:<\/span><\/span><\/p>\n<p><span style=\"font-size: 24pt;\"><img loading=\"lazy\" decoding=\"async\" class=\"wp-image-622 size-full alignright\" src=\"https:\/\/elgra-poznan.eu\/wp-content\/uploads\/2016\/12\/pomiary-1.png\" width=\"300\" height=\"244\" \/><\/span><\/p>\n<ul>\n<li><span style=\"font-size: 12pt; line-height: 36px;\">Lokalisierung von Kabelschadstellen<br \/>\n<\/span><\/li>\n<li><span style=\"font-size: 12pt; line-height: 36px;\">Kabeldiagnostik im Teilentladungsverfahren OWTS<br \/>\n<\/span><\/li>\n<li><span style=\"font-size: 12pt; line-height: 36px;\">Pr\u00fcfungen und Messungen diverser Elektroanlagen<br \/>\n<\/span><\/li>\n<li><span style=\"font-size: 12pt; line-height: 36px;\">W\u00e4rmebildmessungen<br \/>\n<\/span><\/li>\n<li><span style=\"font-size: 12pt; line-height: 36px;\">Netzparameteranalyse<br \/>\n<\/span><\/li>\n<li><span style=\"font-size: 12pt; line-height: 36px;\">Messungen der Impedanz der Kurzschlussschleife<\/span><\/li>\n<\/ul>\n<p>&nbsp;<\/p>\n<p style=\"text-align: center; line-height: 36px;\"><span style=\"font-size: 12pt;\">Durch Fachwissen und langj\u00e4hrige Erfahrung realisieren wir unsere Arbeiten mit entsprechender Sorgfalt, Liebe zum Detail und bestem Endeffekt.<\/span><\/p>\n<div id='gallery-1' class='gallery galleryid-1441 gallery-columns-3 gallery-size-full'><figure class='gallery-item'>\n\t\t\t<div class='gallery-icon landscape'>\n\t\t\t\t<a href='https:\/\/elgra-poznan.eu\/wp-content\/uploads\/2016\/12\/16670_326329734199734_6295107843305844100_n-3.jpg'><img loading=\"lazy\" decoding=\"async\" width=\"800\" height=\"585\" src=\"https:\/\/elgra-poznan.eu\/wp-content\/uploads\/2016\/12\/16670_326329734199734_6295107843305844100_n-3.jpg\" class=\"attachment-full size-full\" alt=\"\" srcset=\"https:\/\/elgra-poznan.eu\/wp-content\/uploads\/2016\/12\/16670_326329734199734_6295107843305844100_n-3.jpg 800w, https:\/\/elgra-poznan.eu\/wp-content\/uploads\/2016\/12\/16670_326329734199734_6295107843305844100_n-3-300x219.jpg 300w, https:\/\/elgra-poznan.eu\/wp-content\/uploads\/2016\/12\/16670_326329734199734_6295107843305844100_n-3-768x562.jpg 768w\" sizes=\"(max-width: 800px) 100vw, 800px\" \/><\/a>\n\t\t\t<\/div><\/figure><figure class='gallery-item'>\n\t\t\t<div class='gallery-icon landscape'>\n\t\t\t\t<a href='https:\/\/elgra-poznan.eu\/wp-content\/uploads\/2016\/12\/10547424_326407114191996_4326484702608545370_n-3.jpg'><img loading=\"lazy\" decoding=\"async\" width=\"800\" height=\"352\" src=\"https:\/\/elgra-poznan.eu\/wp-content\/uploads\/2016\/12\/10547424_326407114191996_4326484702608545370_n-3.jpg\" class=\"attachment-full size-full\" alt=\"\" srcset=\"https:\/\/elgra-poznan.eu\/wp-content\/uploads\/2016\/12\/10547424_326407114191996_4326484702608545370_n-3.jpg 800w, https:\/\/elgra-poznan.eu\/wp-content\/uploads\/2016\/12\/10547424_326407114191996_4326484702608545370_n-3-300x132.jpg 300w, https:\/\/elgra-poznan.eu\/wp-content\/uploads\/2016\/12\/10547424_326407114191996_4326484702608545370_n-3-768x338.jpg 768w\" sizes=\"(max-width: 800px) 100vw, 800px\" \/><\/a>\n\t\t\t<\/div><\/figure><figure class='gallery-item'>\n\t\t\t<div class='gallery-icon portrait'>\n\t\t\t\t<a href='https:\/\/elgra-poznan.eu\/wp-content\/uploads\/2016\/12\/pomiary-1.jpg'><img loading=\"lazy\" decoding=\"async\" width=\"698\" height=\"735\" src=\"https:\/\/elgra-poznan.eu\/wp-content\/uploads\/2016\/12\/pomiary-1.jpg\" class=\"attachment-full size-full\" alt=\"\" srcset=\"https:\/\/elgra-poznan.eu\/wp-content\/uploads\/2016\/12\/pomiary-1.jpg 698w, https:\/\/elgra-poznan.eu\/wp-content\/uploads\/2016\/12\/pomiary-1-285x300.jpg 285w\" sizes=\"(max-width: 698px) 100vw, 698px\" \/><\/a>\n\t\t\t<\/div><\/figure><figure class='gallery-item'>\n\t\t\t<div class='gallery-icon landscape'>\n\t\t\t\t<a href='https:\/\/elgra-poznan.eu\/wp-content\/uploads\/2016\/12\/425994_326004510898923_1159908568133164769_n-2.jpg'><img loading=\"lazy\" decoding=\"async\" width=\"640\" height=\"441\" src=\"https:\/\/elgra-poznan.eu\/wp-content\/uploads\/2016\/12\/425994_326004510898923_1159908568133164769_n-2.jpg\" class=\"attachment-full size-full\" alt=\"\" srcset=\"https:\/\/elgra-poznan.eu\/wp-content\/uploads\/2016\/12\/425994_326004510898923_1159908568133164769_n-2.jpg 640w, https:\/\/elgra-poznan.eu\/wp-content\/uploads\/2016\/12\/425994_326004510898923_1159908568133164769_n-2-300x207.jpg 300w\" sizes=\"(max-width: 640px) 100vw, 640px\" \/><\/a>\n\t\t\t<\/div><\/figure>\n\t\t<\/div>\n\n<p class=\"blue-header blue-paragraph\" style=\"text-align: center;\"><span style=\"font-size: 18pt;\">Wir bieten auch folgende Dienstleistungen an:<\/span><\/p>\n","protected":false},"excerpt":{"rendered":"<p>Wir realisieren Standard- und fortgeschrittene elektrische Messungen. Dieses gilt sowohl f\u00fcr die Pr\u00fcfung von elektrischen Anlagen, Elektrowerkzeugen als auch f\u00fcr fortgeschrittene Stromqualit\u00e4tsanalysen. DER DETAILLIERTE UMFANG DER ARBEITEN UMFASST FOLGENDES: Lokalisierung&#8230;<\/p>\n","protected":false},"author":1,"featured_media":0,"parent":0,"menu_order":0,"comment_status":"closed","ping_status":"closed","template":"","meta":{"footnotes":""},"class_list":["post-1441","page","type-page","status-publish","hentry"],"_links":{"self":[{"href":"https:\/\/elgra-poznan.eu\/de\/wp-json\/wp\/v2\/pages\/1441"}],"collection":[{"href":"https:\/\/elgra-poznan.eu\/de\/wp-json\/wp\/v2\/pages"}],"about":[{"href":"https:\/\/elgra-poznan.eu\/de\/wp-json\/wp\/v2\/types\/page"}],"author":[{"embeddable":true,"href":"https:\/\/elgra-poznan.eu\/de\/wp-json\/wp\/v2\/users\/1"}],"replies":[{"embeddable":true,"href":"https:\/\/elgra-poznan.eu\/de\/wp-json\/wp\/v2\/comments?post=1441"}],"version-history":[{"count":3,"href":"https:\/\/elgra-poznan.eu\/de\/wp-json\/wp\/v2\/pages\/1441\/revisions"}],"predecessor-version":[{"id":2080,"href":"https:\/\/elgra-poznan.eu\/de\/wp-json\/wp\/v2\/pages\/1441\/revisions\/2080"}],"wp:attachment":[{"href":"https:\/\/elgra-poznan.eu\/de\/wp-json\/wp\/v2\/media?parent=1441"}],"curies":[{"name":"wp","href":"https:\/\/api.w.org\/{rel}","templated":true}]}}