{"id":1447,"date":"2016-12-07T14:03:40","date_gmt":"2016-12-07T13:03:40","guid":{"rendered":"https:\/\/elgra-poznan.eu\/programowanie\/"},"modified":"2017-03-09T14:26:44","modified_gmt":"2017-03-09T13:26:44","slug":"programmierung","status":"publish","type":"page","link":"https:\/\/elgra-poznan.eu\/de\/programmierung\/","title":{"rendered":"Programmieren"},"content":{"rendered":"<p><span style=\"font-size: 24pt;\"> <img loading=\"lazy\" decoding=\"async\" class=\"wp-image-614 size-full alignright\" src=\"http:\/\/www.new.elgra-inowroclaw.eu\/wp-content\/uploads\/2016\/12\/programowanie-1.png\" width=\"350\" height=\"244\" srcset=\"https:\/\/elgra-poznan.eu\/wp-content\/uploads\/2016\/12\/programowanie-1.png 350w, https:\/\/elgra-poznan.eu\/wp-content\/uploads\/2016\/12\/programowanie-1-300x209.png 300w\" sizes=\"(max-width: 350px) 100vw, 350px\" \/><\/span><\/p>\n<p class=\"blue-paragraph\"><span style=\"font-size: 24pt; line-height: 40px;\"><span style=\"font-size: 18pt;\">WIR ENTWICKELN UND IMPLEMENTIEREN MODERNE L\u00d6SUNGEN IM FOLGENDEN BEREICH:<\/span><\/span><\/p>\n<ul>\n<li><span style=\"font-size: 12pt; line-height: 36px;\">Steuersysteme,<\/span><\/li>\n<li><span style=\"font-size: 12pt; line-height: 36px;\">Visualisierung,<\/span><\/li>\n<li><span style=\"font-size: 12pt; line-height: 36px;\">Produktionsprozessmanagement<\/span><\/li>\n<\/ul>\n<p class=\"blue-paragraph\"><span style=\"font-size: 24pt; line-height: 40px;\"><span style=\"font-size: 18pt;\">WIR ENTWICKELN SYSTEME SEIT JAHREN UND F\u00dcR JAHRE:<\/span><\/span><\/p>\n<p><span style=\"font-size: 12pt;\">Wir bieten professionelle und umfassende Engineering-Dienstleistungen f\u00fcr neue und bestehende Steuerungssysteme. In den von uns erarbeiteten Applikationen achten wir besonders auf:<\/span><\/p>\n<ul>\n<li><span style=\"font-size: 12pt;\">die Stabilit\u00e4t des geplanten Systems<\/span><\/li>\n<li><span style=\"font-size: 12pt;\">die richtige Funktion des Systems<\/span><\/li>\n<li><span style=\"font-size: 12pt;\">die Zuverl\u00e4ssigkeit<\/span><\/li>\n<li><span style=\"font-size: 12pt;\">die Sicherheit des Fertigungsprozesses<\/span><\/li>\n<li><span style=\"font-size: 12pt;\">den Personalservice<\/span><\/li>\n<\/ul>\n<p class=\"blue-paragraph\"><span style=\"font-size: 24pt; line-height: 40px;\"><span style=\"font-size: 18pt;\">WIR HABEN LANGJ\u00c4HRIGE ERFAHRUNG IN DER PROGRAMMIERUNG VON SPS-STEUERGER\u00c4TEN SOLCHER HERSTELLER WIE:<\/span><\/span><\/p>\n<ul>\n<li><span style=\"font-size: 12pt;\">Siemens<\/span><\/li>\n<li><span style=\"font-size: 12pt;\">Mitsubishi<\/span><\/li>\n<\/ul>\n<p class=\"blue-paragraph\"><span style=\"font-size: 24pt; line-height: 40px;\"><span style=\"font-size: 18pt;\">WIR REALISIEREN DIE VISUALISIERUNG VON FERTIGUNGSPROZESSEN SCADA UND HMI: F\u00dcR DIE ERSTELLUNG VON PL\u00c4NEN NUTZEN WIR BEW\u00c4HRTE WERKZEUGE UND PRODUKTE F\u00dcHRENDER HERSTELLER:<\/span><\/span><\/p>\n<ul>\n<li><span style=\"font-size: 12pt;\">Siemens WinCC<\/span><\/li>\n<li><span style=\"font-size: 12pt;\">Wonderware Intouch<\/span><\/li>\n<li><span style=\"font-size: 12pt;\">Askom ASIX<\/span><\/li>\n<\/ul>\n<p><span style=\"font-size: 12pt;\">Die von uns entwickelten Applikationen sind ein Effekt der Verbindung der Erfahrung mit den modernsten Technologien.<\/span><\/p>\n<div id='gallery-1' class='gallery galleryid-1447 gallery-columns-3 gallery-size-full'><figure class='gallery-item'>\n\t\t\t<div class='gallery-icon portrait'>\n\t\t\t\t<a href='https:\/\/elgra-poznan.eu\/wp-content\/uploads\/2016\/12\/10371680_303213043178070_4499640060481159867_n-1.jpg'><img loading=\"lazy\" decoding=\"async\" width=\"1024\" height=\"1465\" src=\"https:\/\/elgra-poznan.eu\/wp-content\/uploads\/2016\/12\/10371680_303213043178070_4499640060481159867_n-1.jpg\" class=\"attachment-full size-full\" alt=\"\" srcset=\"https:\/\/elgra-poznan.eu\/wp-content\/uploads\/2016\/12\/10371680_303213043178070_4499640060481159867_n-1.jpg 1024w, https:\/\/elgra-poznan.eu\/wp-content\/uploads\/2016\/12\/10371680_303213043178070_4499640060481159867_n-1-210x300.jpg 210w, https:\/\/elgra-poznan.eu\/wp-content\/uploads\/2016\/12\/10371680_303213043178070_4499640060481159867_n-1-768x1099.jpg 768w, https:\/\/elgra-poznan.eu\/wp-content\/uploads\/2016\/12\/10371680_303213043178070_4499640060481159867_n-1-716x1024.jpg 716w\" sizes=\"(max-width: 1024px) 100vw, 1024px\" \/><\/a>\n\t\t\t<\/div><\/figure><figure class='gallery-item'>\n\t\t\t<div class='gallery-icon landscape'>\n\t\t\t\t<a href='https:\/\/elgra-poznan.eu\/wp-content\/uploads\/2016\/12\/foto3-1.png'><img loading=\"lazy\" decoding=\"async\" width=\"893\" height=\"769\" src=\"https:\/\/elgra-poznan.eu\/wp-content\/uploads\/2016\/12\/foto3-1.png\" class=\"attachment-full size-full\" alt=\"\" srcset=\"https:\/\/elgra-poznan.eu\/wp-content\/uploads\/2016\/12\/foto3-1.png 893w, https:\/\/elgra-poznan.eu\/wp-content\/uploads\/2016\/12\/foto3-1-300x258.png 300w, https:\/\/elgra-poznan.eu\/wp-content\/uploads\/2016\/12\/foto3-1-768x661.png 768w\" sizes=\"(max-width: 893px) 100vw, 893px\" \/><\/a>\n\t\t\t<\/div><\/figure><figure class='gallery-item'>\n\t\t\t<div class='gallery-icon landscape'>\n\t\t\t\t<a href='https:\/\/elgra-poznan.eu\/wp-content\/uploads\/2016\/12\/20161202-IMG_9851-1.jpg'><img loading=\"lazy\" decoding=\"async\" width=\"1024\" height=\"683\" src=\"https:\/\/elgra-poznan.eu\/wp-content\/uploads\/2016\/12\/20161202-IMG_9851-1.jpg\" class=\"attachment-full size-full\" alt=\"\" srcset=\"https:\/\/elgra-poznan.eu\/wp-content\/uploads\/2016\/12\/20161202-IMG_9851-1.jpg 1024w, https:\/\/elgra-poznan.eu\/wp-content\/uploads\/2016\/12\/20161202-IMG_9851-1-300x200.jpg 300w, https:\/\/elgra-poznan.eu\/wp-content\/uploads\/2016\/12\/20161202-IMG_9851-1-768x512.jpg 768w\" sizes=\"(max-width: 1024px) 100vw, 1024px\" \/><\/a>\n\t\t\t<\/div><\/figure><figure class='gallery-item'>\n\t\t\t<div class='gallery-icon landscape'>\n\t\t\t\t<a href='https:\/\/elgra-poznan.eu\/wp-content\/uploads\/2016\/12\/DSC_0532-1.jpg'><img loading=\"lazy\" decoding=\"async\" width=\"1024\" height=\"678\" src=\"https:\/\/elgra-poznan.eu\/wp-content\/uploads\/2016\/12\/DSC_0532-1.jpg\" class=\"attachment-full size-full\" alt=\"\" srcset=\"https:\/\/elgra-poznan.eu\/wp-content\/uploads\/2016\/12\/DSC_0532-1.jpg 1024w, https:\/\/elgra-poznan.eu\/wp-content\/uploads\/2016\/12\/DSC_0532-1-300x199.jpg 300w, https:\/\/elgra-poznan.eu\/wp-content\/uploads\/2016\/12\/DSC_0532-1-768x509.jpg 768w\" sizes=\"(max-width: 1024px) 100vw, 1024px\" \/><\/a>\n\t\t\t<\/div><\/figure><figure class='gallery-item'>\n\t\t\t<div class='gallery-icon landscape'>\n\t\t\t\t<a href='https:\/\/elgra-poznan.eu\/wp-content\/uploads\/2016\/12\/20161202-IMG_9812-.jpg'><img loading=\"lazy\" decoding=\"async\" width=\"1024\" height=\"683\" src=\"https:\/\/elgra-poznan.eu\/wp-content\/uploads\/2016\/12\/20161202-IMG_9812-.jpg\" class=\"attachment-full size-full\" alt=\"\" srcset=\"https:\/\/elgra-poznan.eu\/wp-content\/uploads\/2016\/12\/20161202-IMG_9812-.jpg 1024w, https:\/\/elgra-poznan.eu\/wp-content\/uploads\/2016\/12\/20161202-IMG_9812--300x200.jpg 300w, https:\/\/elgra-poznan.eu\/wp-content\/uploads\/2016\/12\/20161202-IMG_9812--768x512.jpg 768w\" sizes=\"(max-width: 1024px) 100vw, 1024px\" \/><\/a>\n\t\t\t<\/div><\/figure><figure class='gallery-item'>\n\t\t\t<div class='gallery-icon landscape'>\n\t\t\t\t<a href='https:\/\/elgra-poznan.eu\/wp-content\/uploads\/2016\/12\/foto2-1.png'><img loading=\"lazy\" decoding=\"async\" width=\"892\" height=\"769\" src=\"https:\/\/elgra-poznan.eu\/wp-content\/uploads\/2016\/12\/foto2-1.png\" class=\"attachment-full size-full\" alt=\"\" srcset=\"https:\/\/elgra-poznan.eu\/wp-content\/uploads\/2016\/12\/foto2-1.png 892w, https:\/\/elgra-poznan.eu\/wp-content\/uploads\/2016\/12\/foto2-1-300x259.png 300w, https:\/\/elgra-poznan.eu\/wp-content\/uploads\/2016\/12\/foto2-1-768x662.png 768w\" sizes=\"(max-width: 892px) 100vw, 892px\" \/><\/a>\n\t\t\t<\/div><\/figure><figure class='gallery-item'>\n\t\t\t<div class='gallery-icon portrait'>\n\t\t\t\t<a href='https:\/\/elgra-poznan.eu\/wp-content\/uploads\/2016\/12\/DSC_0228-1.jpg'><img loading=\"lazy\" decoding=\"async\" width=\"1024\" height=\"1546\" src=\"https:\/\/elgra-poznan.eu\/wp-content\/uploads\/2016\/12\/DSC_0228-1.jpg\" class=\"attachment-full size-full\" alt=\"\" srcset=\"https:\/\/elgra-poznan.eu\/wp-content\/uploads\/2016\/12\/DSC_0228-1.jpg 1024w, https:\/\/elgra-poznan.eu\/wp-content\/uploads\/2016\/12\/DSC_0228-1-199x300.jpg 199w, https:\/\/elgra-poznan.eu\/wp-content\/uploads\/2016\/12\/DSC_0228-1-768x1160.jpg 768w, https:\/\/elgra-poznan.eu\/wp-content\/uploads\/2016\/12\/DSC_0228-1-678x1024.jpg 678w\" sizes=\"(max-width: 1024px) 100vw, 1024px\" \/><\/a>\n\t\t\t<\/div><\/figure><figure class='gallery-item'>\n\t\t\t<div class='gallery-icon landscape'>\n\t\t\t\t<a href='https:\/\/elgra-poznan.eu\/wp-content\/uploads\/2016\/12\/foto1-1.png'><img loading=\"lazy\" decoding=\"async\" width=\"1279\" height=\"1024\" src=\"https:\/\/elgra-poznan.eu\/wp-content\/uploads\/2016\/12\/foto1-1.png\" class=\"attachment-full size-full\" alt=\"\" srcset=\"https:\/\/elgra-poznan.eu\/wp-content\/uploads\/2016\/12\/foto1-1.png 1279w, https:\/\/elgra-poznan.eu\/wp-content\/uploads\/2016\/12\/foto1-1-300x240.png 300w, https:\/\/elgra-poznan.eu\/wp-content\/uploads\/2016\/12\/foto1-1-768x615.png 768w, https:\/\/elgra-poznan.eu\/wp-content\/uploads\/2016\/12\/foto1-1-1024x820.png 1024w\" sizes=\"(max-width: 1279px) 100vw, 1279px\" \/><\/a>\n\t\t\t<\/div><\/figure>\n\t\t<\/div>\n\n<p class=\"blue-header blue-paragraph\" style=\"text-align: center;\"><span style=\"font-size: 18pt;\"><em>Wir bieten auch folgende Dienstleistungen an:<\/em><\/span><\/p>\n","protected":false},"excerpt":{"rendered":"<p>WIR ENTWICKELN UND IMPLEMENTIEREN MODERNE L\u00d6SUNGEN IM FOLGENDEN BEREICH: Steuersysteme, Visualisierung, Produktionsprozessmanagement WIR ENTWICKELN SYSTEME SEIT JAHREN UND F\u00dcR JAHRE: Wir bieten professionelle und umfassende Engineering-Dienstleistungen f\u00fcr neue und bestehende&#8230;<\/p>\n","protected":false},"author":1,"featured_media":0,"parent":0,"menu_order":0,"comment_status":"closed","ping_status":"closed","template":"","meta":{"footnotes":""},"class_list":["post-1447","page","type-page","status-publish","hentry"],"_links":{"self":[{"href":"https:\/\/elgra-poznan.eu\/de\/wp-json\/wp\/v2\/pages\/1447"}],"collection":[{"href":"https:\/\/elgra-poznan.eu\/de\/wp-json\/wp\/v2\/pages"}],"about":[{"href":"https:\/\/elgra-poznan.eu\/de\/wp-json\/wp\/v2\/types\/page"}],"author":[{"embeddable":true,"href":"https:\/\/elgra-poznan.eu\/de\/wp-json\/wp\/v2\/users\/1"}],"replies":[{"embeddable":true,"href":"https:\/\/elgra-poznan.eu\/de\/wp-json\/wp\/v2\/comments?post=1447"}],"version-history":[{"count":3,"href":"https:\/\/elgra-poznan.eu\/de\/wp-json\/wp\/v2\/pages\/1447\/revisions"}],"predecessor-version":[{"id":2076,"href":"https:\/\/elgra-poznan.eu\/de\/wp-json\/wp\/v2\/pages\/1447\/revisions\/2076"}],"wp:attachment":[{"href":"https:\/\/elgra-poznan.eu\/de\/wp-json\/wp\/v2\/media?parent=1447"}],"curies":[{"name":"wp","href":"https:\/\/api.w.org\/{rel}","templated":true}]}}