{"id":1453,"date":"2016-12-07T14:03:53","date_gmt":"2016-12-07T13:03:53","guid":{"rendered":"https:\/\/elgra-poznan.eu\/projektowanie\/"},"modified":"2017-03-09T14:15:27","modified_gmt":"2017-03-09T13:15:27","slug":"entwerfen","status":"publish","type":"page","link":"https:\/\/elgra-poznan.eu\/de\/entwerfen\/","title":{"rendered":"Planung"},"content":{"rendered":"<p><span style=\"font-size: 24pt;\"><img loading=\"lazy\" decoding=\"async\" class=\"alignright size-medium wp-image-508\" src=\"http:\/\/www.new.elgra-inowroclaw.eu\/wp-content\/uploads\/2016\/12\/projektowanie-1-300x244.png\" alt=\"\" width=\"300\" height=\"244\" srcset=\"https:\/\/elgra-poznan.eu\/wp-content\/uploads\/2016\/12\/projektowanie-1-300x244.png 300w, https:\/\/elgra-poznan.eu\/wp-content\/uploads\/2016\/12\/projektowanie-1.png 320w\" sizes=\"(max-width: 300px) 100vw, 300px\" \/><\/span><\/p>\n<p class=\"blue-header blue-paragraph\"><span style=\"font-size: 18pt; line-height: 40px;\">PLANUNGSDOKUMENTATION ALS ERFOLG DER ENTSPRECHEND REALISIERTEN INVESTITION<\/span><\/p>\n<p><span style=\"font-size: 12pt; line-height: 30px;\">Basierend auf jahrelanger Erfahrung in der Herstellung von technischen Unterlagen bieten wir unseren Kunden optimale L\u00f6sungen in der Planung von industriellen Automatikanlagen und elektrischen Systemen.<\/span><\/p>\n<p>&nbsp;<\/p>\n<p class=\"blue-paragraph\"><span style=\"font-size: 24pt; line-height: 40px;\"><img loading=\"lazy\" decoding=\"async\" class=\"alignleft size-full wp-image-522\" src=\"http:\/\/www.new.elgra-inowroclaw.eu\/wp-content\/uploads\/2016\/12\/projektowanie2.png\" alt=\"\" width=\"320\" height=\"260\" srcset=\"https:\/\/elgra-poznan.eu\/wp-content\/uploads\/2016\/12\/projektowanie2.png 320w, https:\/\/elgra-poznan.eu\/wp-content\/uploads\/2016\/12\/projektowanie2-300x244.png 300w\" sizes=\"(max-width: 320px) 100vw, 320px\" \/>WIR REALISIEREN FOLGENDE PLANUNGEN<\/span><\/p>\n<ul>\n<li><span style=\"font-size: 12pt; line-height: 36px;\">Elektro- und Beleuchtungsanlagen<\/span><\/li>\n<li><span style=\"font-size: 12pt; line-height: 36px;\">Automatik- und Steuerungsanlagen <\/span><\/li>\n<li><span style=\"font-size: 12pt; line-height: 36px;\">Energetische Anlagen<\/span><\/li>\n<li><span style=\"font-size: 12pt; line-height: 36px;\">Mechanische Installationen<\/span><\/li>\n<li><span style=\"font-size: 12pt; line-height: 36px;\">Sicherheitssysteme<\/span><\/li>\n<li><span style=\"font-size: 12pt; line-height: 36px;\">Wir realisieren auch Aktualisierungen der bestehenden Dokumentation<\/span><\/li>\n<\/ul>\n<p>&nbsp;<\/p>\n<blockquote>\n<p class=\"no-margin\" style=\"text-align: center;\"><span style=\"font-size: 10pt; line-height: 32px;\"><em>BEI DER PLANUNG VON L\u00d6SUNGEN IM BEREICH DER INDUSTRIEAUTOMATIK NUTZEN WIR LIZENZIERTE SOFTWARE-PAKETE CAD:<\/em><\/span><\/p>\n<p>&nbsp;<\/p>\n<p class=\"blue-paragraph no-margin\" style=\"text-align: center;\"><span style=\"font-size: 18pt;\"><strong>WSCAD, E-PLAN, EL-CAD, ElectriCAD.<\/strong><\/span><\/p>\n<\/blockquote>\n<p style=\"text-align: center; line-height: 36px;\"><span style=\"font-size: 12pt;\">Bei der Vorbereitung von Dokumentationspl\u00e4nen richten unsere Ingenieure besondere Aufmerksamkeit auf die Funktion des jeweiligen Objektes, die Bed\u00fcrfnisse der k\u00fcnftigen Nutzer, den spezifischen Charakter des Betriebs, die m\u00f6gliche Erweiterung der Anlage.<\/span><\/p>\n<div id='gallery-1' class='gallery galleryid-1453 gallery-columns-3 gallery-size-full'><figure class='gallery-item'>\n\t\t\t<div class='gallery-icon landscape'>\n\t\t\t\t<a href='https:\/\/elgra-poznan.eu\/wp-content\/uploads\/2016\/12\/Linia-z-elementami-Model-3-1.jpg'><img loading=\"lazy\" decoding=\"async\" width=\"1154\" height=\"830\" src=\"https:\/\/elgra-poznan.eu\/wp-content\/uploads\/2016\/12\/Linia-z-elementami-Model-3-1.jpg\" class=\"attachment-full size-full\" alt=\"\" srcset=\"https:\/\/elgra-poznan.eu\/wp-content\/uploads\/2016\/12\/Linia-z-elementami-Model-3-1.jpg 1154w, https:\/\/elgra-poznan.eu\/wp-content\/uploads\/2016\/12\/Linia-z-elementami-Model-3-1-300x216.jpg 300w, https:\/\/elgra-poznan.eu\/wp-content\/uploads\/2016\/12\/Linia-z-elementami-Model-3-1-768x552.jpg 768w, https:\/\/elgra-poznan.eu\/wp-content\/uploads\/2016\/12\/Linia-z-elementami-Model-3-1-1024x736.jpg 1024w\" sizes=\"(max-width: 1154px) 100vw, 1154px\" \/><\/a>\n\t\t\t<\/div><\/figure><figure class='gallery-item'>\n\t\t\t<div class='gallery-icon landscape'>\n\t\t\t\t<a href='https:\/\/elgra-poznan.eu\/wp-content\/uploads\/2016\/12\/Dystrybucja-24VDC-3-1.jpg'><img loading=\"lazy\" decoding=\"async\" width=\"1024\" height=\"724\" src=\"https:\/\/elgra-poznan.eu\/wp-content\/uploads\/2016\/12\/Dystrybucja-24VDC-3-1.jpg\" class=\"attachment-full size-full\" alt=\"\" srcset=\"https:\/\/elgra-poznan.eu\/wp-content\/uploads\/2016\/12\/Dystrybucja-24VDC-3-1.jpg 1024w, https:\/\/elgra-poznan.eu\/wp-content\/uploads\/2016\/12\/Dystrybucja-24VDC-3-1-300x212.jpg 300w, https:\/\/elgra-poznan.eu\/wp-content\/uploads\/2016\/12\/Dystrybucja-24VDC-3-1-768x543.jpg 768w\" sizes=\"(max-width: 1024px) 100vw, 1024px\" \/><\/a>\n\t\t\t<\/div><\/figure><figure class='gallery-item'>\n\t\t\t<div class='gallery-icon landscape'>\n\t\t\t\t<a href='https:\/\/elgra-poznan.eu\/wp-content\/uploads\/2016\/12\/obw\u00f3d-silnikowy-z-przetwornic\u0105-allenb-2.jpg'><img loading=\"lazy\" decoding=\"async\" width=\"1024\" height=\"724\" src=\"https:\/\/elgra-poznan.eu\/wp-content\/uploads\/2016\/12\/obw\u00f3d-silnikowy-z-przetwornic\u0105-allenb-2.jpg\" class=\"attachment-full size-full\" alt=\"\" srcset=\"https:\/\/elgra-poznan.eu\/wp-content\/uploads\/2016\/12\/obw\u00f3d-silnikowy-z-przetwornic\u0105-allenb-2.jpg 1024w, https:\/\/elgra-poznan.eu\/wp-content\/uploads\/2016\/12\/obw\u00f3d-silnikowy-z-przetwornic\u0105-allenb-2-300x212.jpg 300w, https:\/\/elgra-poznan.eu\/wp-content\/uploads\/2016\/12\/obw\u00f3d-silnikowy-z-przetwornic\u0105-allenb-2-768x543.jpg 768w\" sizes=\"(max-width: 1024px) 100vw, 1024px\" \/><\/a>\n\t\t\t<\/div><\/figure><figure class='gallery-item'>\n\t\t\t<div class='gallery-icon landscape'>\n\t\t\t\t<a href='https:\/\/elgra-poznan.eu\/wp-content\/uploads\/2016\/12\/sterownik-PLC-konfig-3-1.jpg'><img loading=\"lazy\" decoding=\"async\" width=\"1024\" height=\"724\" src=\"https:\/\/elgra-poznan.eu\/wp-content\/uploads\/2016\/12\/sterownik-PLC-konfig-3-1.jpg\" class=\"attachment-full size-full\" alt=\"\" srcset=\"https:\/\/elgra-poznan.eu\/wp-content\/uploads\/2016\/12\/sterownik-PLC-konfig-3-1.jpg 1024w, https:\/\/elgra-poznan.eu\/wp-content\/uploads\/2016\/12\/sterownik-PLC-konfig-3-1-300x212.jpg 300w, https:\/\/elgra-poznan.eu\/wp-content\/uploads\/2016\/12\/sterownik-PLC-konfig-3-1-768x543.jpg 768w\" sizes=\"(max-width: 1024px) 100vw, 1024px\" \/><\/a>\n\t\t\t<\/div><\/figure><figure class='gallery-item'>\n\t\t\t<div class='gallery-icon landscape'>\n\t\t\t\t<a href='https:\/\/elgra-poznan.eu\/wp-content\/uploads\/2016\/12\/3.jpg'><img loading=\"lazy\" decoding=\"async\" width=\"1024\" height=\"625\" src=\"https:\/\/elgra-poznan.eu\/wp-content\/uploads\/2016\/12\/3.jpg\" class=\"attachment-full size-full\" alt=\"\" srcset=\"https:\/\/elgra-poznan.eu\/wp-content\/uploads\/2016\/12\/3.jpg 1024w, https:\/\/elgra-poznan.eu\/wp-content\/uploads\/2016\/12\/3-300x183.jpg 300w, https:\/\/elgra-poznan.eu\/wp-content\/uploads\/2016\/12\/3-768x469.jpg 768w\" sizes=\"(max-width: 1024px) 100vw, 1024px\" \/><\/a>\n\t\t\t<\/div><\/figure><figure class='gallery-item'>\n\t\t\t<div class='gallery-icon landscape'>\n\t\t\t\t<a href='https:\/\/elgra-poznan.eu\/wp-content\/uploads\/2016\/12\/Scena-zewn\u0119trzna-1-Scena-\u015bwietlna-3.jpg'><img loading=\"lazy\" decoding=\"async\" width=\"1194\" height=\"862\" src=\"https:\/\/elgra-poznan.eu\/wp-content\/uploads\/2016\/12\/Scena-zewn\u0119trzna-1-Scena-\u015bwietlna-3.jpg\" class=\"attachment-full size-full\" alt=\"\" srcset=\"https:\/\/elgra-poznan.eu\/wp-content\/uploads\/2016\/12\/Scena-zewn\u0119trzna-1-Scena-\u015bwietlna-3.jpg 1194w, https:\/\/elgra-poznan.eu\/wp-content\/uploads\/2016\/12\/Scena-zewn\u0119trzna-1-Scena-\u015bwietlna-3-300x217.jpg 300w, https:\/\/elgra-poznan.eu\/wp-content\/uploads\/2016\/12\/Scena-zewn\u0119trzna-1-Scena-\u015bwietlna-3-768x554.jpg 768w, https:\/\/elgra-poznan.eu\/wp-content\/uploads\/2016\/12\/Scena-zewn\u0119trzna-1-Scena-\u015bwietlna-3-1024x739.jpg 1024w\" sizes=\"(max-width: 1194px) 100vw, 1194px\" \/><\/a>\n\t\t\t<\/div><\/figure>\n\t\t<\/div>\n\n<p class=\"blue-header blue-paragraph\" style=\"text-align: center;\"><span style=\"font-size: 18pt;\">Wir bieten folgende Dienstleistungen an:<\/span><\/p>\n","protected":false},"excerpt":{"rendered":"<p>PLANUNGSDOKUMENTATION ALS ERFOLG DER ENTSPRECHEND REALISIERTEN INVESTITION Basierend auf jahrelanger Erfahrung in der Herstellung von technischen Unterlagen bieten wir unseren Kunden optimale L\u00f6sungen in der Planung von industriellen Automatikanlagen und&#8230;<\/p>\n","protected":false},"author":1,"featured_media":0,"parent":0,"menu_order":0,"comment_status":"closed","ping_status":"closed","template":"","meta":{"footnotes":""},"class_list":["post-1453","page","type-page","status-publish","hentry"],"_links":{"self":[{"href":"https:\/\/elgra-poznan.eu\/de\/wp-json\/wp\/v2\/pages\/1453"}],"collection":[{"href":"https:\/\/elgra-poznan.eu\/de\/wp-json\/wp\/v2\/pages"}],"about":[{"href":"https:\/\/elgra-poznan.eu\/de\/wp-json\/wp\/v2\/types\/page"}],"author":[{"embeddable":true,"href":"https:\/\/elgra-poznan.eu\/de\/wp-json\/wp\/v2\/users\/1"}],"replies":[{"embeddable":true,"href":"https:\/\/elgra-poznan.eu\/de\/wp-json\/wp\/v2\/comments?post=1453"}],"version-history":[{"count":5,"href":"https:\/\/elgra-poznan.eu\/de\/wp-json\/wp\/v2\/pages\/1453\/revisions"}],"predecessor-version":[{"id":2073,"href":"https:\/\/elgra-poznan.eu\/de\/wp-json\/wp\/v2\/pages\/1453\/revisions\/2073"}],"wp:attachment":[{"href":"https:\/\/elgra-poznan.eu\/de\/wp-json\/wp\/v2\/media?parent=1453"}],"curies":[{"name":"wp","href":"https:\/\/api.w.org\/{rel}","templated":true}]}}