{"id":1459,"date":"2017-01-03T10:33:45","date_gmt":"2017-01-03T09:33:45","guid":{"rendered":"https:\/\/elgra-poznan.eu\/robotyka\/"},"modified":"2017-03-09T14:31:22","modified_gmt":"2017-03-09T13:31:22","slug":"robotik","status":"publish","type":"page","link":"https:\/\/elgra-poznan.eu\/de\/robotik\/","title":{"rendered":"Robotertechnik"},"content":{"rendered":"<p style=\"text-align: center;\"><span style=\"font-size: 12pt; line-height: 32px;\"><strong>Wir liefern und modernisieren bestehende Roboter-Stationen, die sich durch hohe Leistung, Flexibilit\u00e4t, Zuverl\u00e4ssigkeit und \u00dcbereinstimmung mit den geltenden Sicherheitsnormen auszeichnen.<\/strong><\/span><\/p>\n<p><span style=\"font-size: 24pt;\"><img loading=\"lazy\" decoding=\"async\" class=\"wp-image-581 size-full alignleft\" src=\"https:\/\/elgra-poznan.eu\/wp-content\/uploads\/2016\/12\/automatyka1.png\" width=\"300\" height=\"244\" \/><\/span><\/p>\n<p class=\"blue-header blue-paragraph\"><span style=\"font-size: 18pt; line-height: 40px;\">REALISIERUNGSPHASEN:<\/span><\/p>\n<ul>\n<li><span style=\"font-size: 12pt;\">Auswahl der entsprechenden L\u00f6sung f\u00fcr die jeweilige Anlage<\/span><\/li>\n<li><span style=\"font-size: 12pt;\">Anschaffung des Roboters<\/span><\/li>\n<li><span style=\"font-size: 12pt;\">Softwareentwicklung<\/span><\/li>\n<li><span style=\"font-size: 12pt;\">Lieferung der komplexen Integration<\/span><\/li>\n<li><span style=\"font-size: 12pt;\">Inbetriebnahme<\/span><\/li>\n<li><span style=\"font-size: 12pt;\">Schulungen<\/span><\/li>\n<li><span style=\"font-size: 12pt;\">Service<\/span><\/li>\n<\/ul>\n<p class=\"blue-paragraph\"><span style=\"font-size: 24pt; line-height: 40px;\"><img loading=\"lazy\" decoding=\"async\" class=\"wp-image-583 size-full alignleft\" src=\"https:\/\/elgra-poznan.eu\/wp-content\/uploads\/2016\/12\/automatyka2.png\" width=\"300\" height=\"244\" \/>DER DETAILLIERTE UMFANG DER ARBEITEN UMFASST FOLGENDES:<\/span><\/p>\n<ul>\n<li><span style=\"font-size: 12pt; line-height: 36px;\">Erstellung des Implementierungskonzeptes<\/span><\/li>\n<li><span style=\"font-size: 12pt; line-height: 36px;\">Roboter-Programmierung<\/span><\/li>\n<li><span style=\"font-size: 12pt; line-height: 36px;\">Schulungen im Bereich Roboter-Bedienung<\/span><\/li>\n<li><span style=\"font-size: 12pt; line-height: 36px;\">Roboter-Inspektion und -Service<\/span><\/li>\n<li><span style=\"font-size: 12pt; line-height: 36px;\">Modernisierung bestehender Roboter-Stationen<\/span><\/li>\n<li><span style=\"font-size: 12pt; line-height: 36px;\">Planung und Lieferung kompletter Arbeitsstationen<\/span><\/li>\n<\/ul>\n<blockquote>\n<p style=\"text-align: center;\"><em>Die implementierten Applikationen sind innovative Technologien verbunden mit dem kreativen Ingenieurwissen, die an die jeweilige Branche und Anwendungen angepasst sind. Mit einem Wort \u2013 es sind ma\u00dfgeschneiderte Roboter-Systeme.<\/em><\/p>\n<\/blockquote>\n<div id='gallery-1' class='gallery galleryid-1459 gallery-columns-3 gallery-size-full'><figure class='gallery-item'>\n\t\t\t<div class='gallery-icon landscape'>\n\t\t\t\t<a href='https:\/\/elgra-poznan.eu\/wp-content\/uploads\/2017\/01\/top-2.jpg'><img loading=\"lazy\" decoding=\"async\" width=\"650\" height=\"433\" src=\"https:\/\/elgra-poznan.eu\/wp-content\/uploads\/2017\/01\/top-2.jpg\" class=\"attachment-full size-full\" alt=\"\" srcset=\"https:\/\/elgra-poznan.eu\/wp-content\/uploads\/2017\/01\/top-2.jpg 650w, https:\/\/elgra-poznan.eu\/wp-content\/uploads\/2017\/01\/top-2-300x200.jpg 300w\" sizes=\"(max-width: 650px) 100vw, 650px\" \/><\/a>\n\t\t\t<\/div><\/figure><figure class='gallery-item'>\n\t\t\t<div class='gallery-icon portrait'>\n\t\t\t\t<a href='https:\/\/elgra-poznan.eu\/wp-content\/uploads\/2017\/01\/New-Project-7.jpg'><img loading=\"lazy\" decoding=\"async\" width=\"683\" height=\"1024\" src=\"https:\/\/elgra-poznan.eu\/wp-content\/uploads\/2017\/01\/New-Project-7.jpg\" class=\"attachment-full size-full\" alt=\"\" srcset=\"https:\/\/elgra-poznan.eu\/wp-content\/uploads\/2017\/01\/New-Project-7.jpg 683w, https:\/\/elgra-poznan.eu\/wp-content\/uploads\/2017\/01\/New-Project-7-200x300.jpg 200w\" sizes=\"(max-width: 683px) 100vw, 683px\" \/><\/a>\n\t\t\t<\/div><\/figure><figure class='gallery-item'>\n\t\t\t<div class='gallery-icon portrait'>\n\t\t\t\t<a href='https:\/\/elgra-poznan.eu\/wp-content\/uploads\/2017\/01\/20161122-IMG_8930-2-1.jpg'><img loading=\"lazy\" decoding=\"async\" width=\"1024\" height=\"1536\" src=\"https:\/\/elgra-poznan.eu\/wp-content\/uploads\/2017\/01\/20161122-IMG_8930-2-1.jpg\" class=\"attachment-full size-full\" alt=\"\" srcset=\"https:\/\/elgra-poznan.eu\/wp-content\/uploads\/2017\/01\/20161122-IMG_8930-2-1.jpg 1024w, https:\/\/elgra-poznan.eu\/wp-content\/uploads\/2017\/01\/20161122-IMG_8930-2-1-200x300.jpg 200w, https:\/\/elgra-poznan.eu\/wp-content\/uploads\/2017\/01\/20161122-IMG_8930-2-1-768x1152.jpg 768w, https:\/\/elgra-poznan.eu\/wp-content\/uploads\/2017\/01\/20161122-IMG_8930-2-1-683x1024.jpg 683w\" sizes=\"(max-width: 1024px) 100vw, 1024px\" \/><\/a>\n\t\t\t<\/div><\/figure><figure class='gallery-item'>\n\t\t\t<div class='gallery-icon landscape'>\n\t\t\t\t<a href='https:\/\/elgra-poznan.eu\/wp-content\/uploads\/2017\/01\/DSC_1264-1.jpg'><img loading=\"lazy\" decoding=\"async\" width=\"1024\" height=\"514\" src=\"https:\/\/elgra-poznan.eu\/wp-content\/uploads\/2017\/01\/DSC_1264-1.jpg\" class=\"attachment-full size-full\" alt=\"\" srcset=\"https:\/\/elgra-poznan.eu\/wp-content\/uploads\/2017\/01\/DSC_1264-1.jpg 1024w, https:\/\/elgra-poznan.eu\/wp-content\/uploads\/2017\/01\/DSC_1264-1-300x151.jpg 300w, https:\/\/elgra-poznan.eu\/wp-content\/uploads\/2017\/01\/DSC_1264-1-768x386.jpg 768w\" sizes=\"(max-width: 1024px) 100vw, 1024px\" \/><\/a>\n\t\t\t<\/div><\/figure><figure class='gallery-item'>\n\t\t\t<div class='gallery-icon landscape'>\n\t\t\t\t<a href='https:\/\/elgra-poznan.eu\/wp-content\/uploads\/2017\/01\/DSC_0224-2.jpg'><img loading=\"lazy\" decoding=\"async\" width=\"1024\" height=\"779\" src=\"https:\/\/elgra-poznan.eu\/wp-content\/uploads\/2017\/01\/DSC_0224-2.jpg\" class=\"attachment-full size-full\" alt=\"\" srcset=\"https:\/\/elgra-poznan.eu\/wp-content\/uploads\/2017\/01\/DSC_0224-2.jpg 1024w, https:\/\/elgra-poznan.eu\/wp-content\/uploads\/2017\/01\/DSC_0224-2-300x228.jpg 300w, https:\/\/elgra-poznan.eu\/wp-content\/uploads\/2017\/01\/DSC_0224-2-768x584.jpg 768w\" sizes=\"(max-width: 1024px) 100vw, 1024px\" \/><\/a>\n\t\t\t<\/div><\/figure><figure class='gallery-item'>\n\t\t\t<div class='gallery-icon landscape'>\n\t\t\t\t<a href='https:\/\/elgra-poznan.eu\/wp-content\/uploads\/2017\/01\/DSC_0190a-2-2.jpg'><img loading=\"lazy\" decoding=\"async\" width=\"1024\" height=\"870\" src=\"https:\/\/elgra-poznan.eu\/wp-content\/uploads\/2017\/01\/DSC_0190a-2-2.jpg\" class=\"attachment-full size-full\" alt=\"\" srcset=\"https:\/\/elgra-poznan.eu\/wp-content\/uploads\/2017\/01\/DSC_0190a-2-2.jpg 1024w, https:\/\/elgra-poznan.eu\/wp-content\/uploads\/2017\/01\/DSC_0190a-2-2-300x255.jpg 300w, https:\/\/elgra-poznan.eu\/wp-content\/uploads\/2017\/01\/DSC_0190a-2-2-768x653.jpg 768w\" sizes=\"(max-width: 1024px) 100vw, 1024px\" \/><\/a>\n\t\t\t<\/div><\/figure><figure class='gallery-item'>\n\t\t\t<div class='gallery-icon portrait'>\n\t\t\t\t<a href='https:\/\/elgra-poznan.eu\/wp-content\/uploads\/2017\/01\/DSC_0165a-1.jpg'><img loading=\"lazy\" decoding=\"async\" width=\"678\" height=\"1024\" src=\"https:\/\/elgra-poznan.eu\/wp-content\/uploads\/2017\/01\/DSC_0165a-1.jpg\" class=\"attachment-full size-full\" alt=\"\" srcset=\"https:\/\/elgra-poznan.eu\/wp-content\/uploads\/2017\/01\/DSC_0165a-1.jpg 678w, https:\/\/elgra-poznan.eu\/wp-content\/uploads\/2017\/01\/DSC_0165a-1-199x300.jpg 199w\" sizes=\"(max-width: 678px) 100vw, 678px\" \/><\/a>\n\t\t\t<\/div><\/figure>\n\t\t<\/div>\n\n<p class=\"blue-header blue-paragraph\" style=\"text-align: center;\"><span style=\"font-size: 18pt;\"><em>Wir bieten auch folgende Dienstleistungen an:<\/em><\/span><\/p>\n","protected":false},"excerpt":{"rendered":"<p>Wir liefern und modernisieren bestehende Roboter-Stationen, die sich durch hohe Leistung, Flexibilit\u00e4t, Zuverl\u00e4ssigkeit und \u00dcbereinstimmung mit den geltenden Sicherheitsnormen auszeichnen. REALISIERUNGSPHASEN: Auswahl der entsprechenden L\u00f6sung f\u00fcr die jeweilige Anlage Anschaffung&#8230;<\/p>\n","protected":false},"author":4,"featured_media":0,"parent":0,"menu_order":0,"comment_status":"closed","ping_status":"closed","template":"","meta":{"footnotes":""},"class_list":["post-1459","page","type-page","status-publish","hentry"],"_links":{"self":[{"href":"https:\/\/elgra-poznan.eu\/de\/wp-json\/wp\/v2\/pages\/1459"}],"collection":[{"href":"https:\/\/elgra-poznan.eu\/de\/wp-json\/wp\/v2\/pages"}],"about":[{"href":"https:\/\/elgra-poznan.eu\/de\/wp-json\/wp\/v2\/types\/page"}],"author":[{"embeddable":true,"href":"https:\/\/elgra-poznan.eu\/de\/wp-json\/wp\/v2\/users\/4"}],"replies":[{"embeddable":true,"href":"https:\/\/elgra-poznan.eu\/de\/wp-json\/wp\/v2\/comments?post=1459"}],"version-history":[{"count":3,"href":"https:\/\/elgra-poznan.eu\/de\/wp-json\/wp\/v2\/pages\/1459\/revisions"}],"predecessor-version":[{"id":2078,"href":"https:\/\/elgra-poznan.eu\/de\/wp-json\/wp\/v2\/pages\/1459\/revisions\/2078"}],"wp:attachment":[{"href":"https:\/\/elgra-poznan.eu\/de\/wp-json\/wp\/v2\/media?parent=1459"}],"curies":[{"name":"wp","href":"https:\/\/api.w.org\/{rel}","templated":true}]}}