{"id":1478,"date":"2017-01-03T11:56:11","date_gmt":"2017-01-03T10:56:11","guid":{"rendered":"https:\/\/elgra-poznan.eu\/centrum-zaopatrzenia-elektrycznego\/"},"modified":"2017-03-09T14:49:28","modified_gmt":"2017-03-09T13:49:28","slug":"zentrale-stromversorgung","status":"publish","type":"page","link":"https:\/\/elgra-poznan.eu\/de\/zentrale-stromversorgung\/","title":{"rendered":"Stromversorgungs-Center"},"content":{"rendered":"<p class=\"blue-header blue-paragraph\"><span style=\"font-size: 18pt; line-height: 40px;\">Eine zus\u00e4tzliche Unterst\u00fctzung f\u00fcr die volle Umsetzung von Investitionsthemen bietet die im Rahmen der Firmenstruktur funktionierende Gro\u00dfhandlung ELEKTROTECH.ROTECH.<br \/>\n<\/span><\/p>\n<p><span style=\"font-size: 12pt; line-height: 30px;\">Im Angebot der Gro\u00dfhandlung befindet sich das f\u00fcr die Realisierung der Standard-Elektroanlagen bestimmtes Sortiment, darunter sehr kompilierte und ausgebaute NS- und MS-Anlagen sowie Automatikanlagen.<\/span><\/p>\n<p><img loading=\"lazy\" decoding=\"async\" class=\"aligncenter size-full wp-image-1038\" src=\"http:\/\/www.new.elgra-inowroclaw.eu\/wp-content\/uploads\/2017\/01\/baner3-elgra.png\" alt=\"\" width=\"1140\" height=\"200\" srcset=\"https:\/\/elgra-poznan.eu\/wp-content\/uploads\/2017\/01\/baner3-elgra.png 1140w, https:\/\/elgra-poznan.eu\/wp-content\/uploads\/2017\/01\/baner3-elgra-300x53.png 300w, https:\/\/elgra-poznan.eu\/wp-content\/uploads\/2017\/01\/baner3-elgra-768x135.png 768w, https:\/\/elgra-poznan.eu\/wp-content\/uploads\/2017\/01\/baner3-elgra-1024x180.png 1024w\" sizes=\"(max-width: 1140px) 100vw, 1140px\" \/><\/p>\n<p class=\"blue-paragraph\"><span style=\"font-size: 24pt; line-height: 40px;\"><span style=\"font-size: 18pt;\">Die langj\u00e4hrige Marktpr\u00e4senz und die Zugeh\u00f6rigkeit der Gro\u00dfhandlung zu der Gruppe EL-SIGMA garantieren den Kunden:<\/span><\/span><\/p>\n<ul>\n<li><span style=\"font-size: 12pt; line-height: 36px;\">Ein breites und attraktives Warensortiment,<\/span><\/li>\n<li><span style=\"font-size: 12pt; line-height: 36px;\">G\u00fcnstige Einkaufsbedingungen, attraktive Preise und Sonderangebote,<\/span><\/li>\n<li><span style=\"font-size: 12pt; line-height: 36px;\">Stabilit\u00e4t, Termintreue und reibungslose Lieferungen.<\/span><\/li>\n<\/ul>\n<blockquote>\n<p class=\"no-margin\" style=\"text-align: center;\"><span style=\"font-size: 10pt; line-height: 32px;\"><em>Ein spezialisiertes technisches und Handelsteam und sehr gute Kenntnisse des nationalen und lokalen elektrotechnischen Marktes, erm\u00f6glichen eine professionelle Bedienung von individuellen und institutionellen Kunden.<\/em><\/span><\/p>\n<\/blockquote>\n","protected":false},"excerpt":{"rendered":"<p>Eine zus\u00e4tzliche Unterst\u00fctzung f\u00fcr die volle Umsetzung von Investitionsthemen bietet die im Rahmen der Firmenstruktur funktionierende Gro\u00dfhandlung ELEKTROTECH.ROTECH. Im Angebot der Gro\u00dfhandlung befindet sich das f\u00fcr die Realisierung der Standard-Elektroanlagen&#8230;<\/p>\n","protected":false},"author":4,"featured_media":0,"parent":0,"menu_order":0,"comment_status":"closed","ping_status":"closed","template":"","meta":{"footnotes":""},"class_list":["post-1478","page","type-page","status-publish","hentry"],"_links":{"self":[{"href":"https:\/\/elgra-poznan.eu\/de\/wp-json\/wp\/v2\/pages\/1478"}],"collection":[{"href":"https:\/\/elgra-poznan.eu\/de\/wp-json\/wp\/v2\/pages"}],"about":[{"href":"https:\/\/elgra-poznan.eu\/de\/wp-json\/wp\/v2\/types\/page"}],"author":[{"embeddable":true,"href":"https:\/\/elgra-poznan.eu\/de\/wp-json\/wp\/v2\/users\/4"}],"replies":[{"embeddable":true,"href":"https:\/\/elgra-poznan.eu\/de\/wp-json\/wp\/v2\/comments?post=1478"}],"version-history":[{"count":3,"href":"https:\/\/elgra-poznan.eu\/de\/wp-json\/wp\/v2\/pages\/1478\/revisions"}],"predecessor-version":[{"id":2087,"href":"https:\/\/elgra-poznan.eu\/de\/wp-json\/wp\/v2\/pages\/1478\/revisions\/2087"}],"wp:attachment":[{"href":"https:\/\/elgra-poznan.eu\/de\/wp-json\/wp\/v2\/media?parent=1478"}],"curies":[{"name":"wp","href":"https:\/\/api.w.org\/{rel}","templated":true}]}}