{"id":1502,"date":"2017-01-03T11:54:07","date_gmt":"2017-01-03T10:54:07","guid":{"rendered":"https:\/\/elgra-poznan.eu\/technologie-informacyjne\/"},"modified":"2017-03-09T14:41:01","modified_gmt":"2017-03-09T13:41:01","slug":"informatik","status":"publish","type":"page","link":"https:\/\/elgra-poznan.eu\/de\/informatik\/","title":{"rendered":"IT-Technik"},"content":{"rendered":"<p style=\"text-align: center;\"><span style=\"font-size: 12pt; line-height: 32px;\"><strong>Seit \u00fcber zehn Jahren sind wir Experte im Bereich der Entwicklung von komplexen Dienstleistungen verbunden mit IT-L\u00f6sungen, die den Aufbau, den Betrieb und den Service von IKT-Netzwerken, LAN-Netzwerken und Glasfasernetzen umfassen.<\/strong><\/span><\/p>\n<p class=\"blue-header blue-paragraph\"><span style=\"font-size: 18pt; line-height: 40px;\">ANGEBOTSUMFANG:<\/span><\/p>\n<p><span style=\"font-size: 24pt;\"><img loading=\"lazy\" decoding=\"async\" class=\"wp-image-647 alignright\" src=\"http:\/\/www.new.elgra-inowroclaw.eu\/wp-content\/uploads\/2017\/01\/technologie-informacyjne.png\" width=\"353\" height=\"245\" srcset=\"https:\/\/elgra-poznan.eu\/wp-content\/uploads\/2017\/01\/technologie-informacyjne.png 415w, https:\/\/elgra-poznan.eu\/wp-content\/uploads\/2017\/01\/technologie-informacyjne-300x208.png 300w\" sizes=\"(max-width: 353px) 100vw, 353px\" \/><\/span><\/p>\n<ul>\n<li><span style=\"font-size: 12pt;\">Aufbau der LWL-Infrastruktur<br \/>\n<\/span><\/li>\n<li><span style=\"font-size: 12pt;\">Aufbau des Industrienetzes Profibus DP, PA und Profinet<br \/>\n<\/span><\/li>\n<li><span style=\"font-size: 12pt;\">Schwei\u00dfen von Glasfasern<br \/>\n<\/span><\/li>\n<li><span style=\"font-size: 12pt;\">Reflexionsspektroskopische Messungen von LWL-Leitungen<br \/>\n<\/span><\/li>\n<li><span style=\"font-size: 12pt;\">Messungen der D\u00e4mpfung von Optotelekommunikationsleitungen<br \/>\n<\/span><\/li>\n<li><span style=\"font-size: 12pt;\">Aufbau von Video\u00fcberwachungssystemen (CCTV)<br \/>\n<\/span><\/li>\n<li><span style=\"font-size: 12pt;\">Strukturverkabelung von Geb\u00e4uden<br \/>\n<\/span><\/li>\n<li><span style=\"font-size: 12pt;\">Aufbau des Serverraums<br \/>\n<\/span><\/li>\n<li><span style=\"font-size: 12pt;\">Aufbau von Brandschutzanlagen<br \/>\n<\/span><\/li>\n<li><span style=\"font-size: 12pt;\">Aufbau von Einbruch- und \u00dcberfallmeldeanlagen<br \/>\n<\/span><\/li>\n<li><span style=\"font-size: 12pt;\">Konfiguration von Netzger\u00e4ten<\/span><\/li>\n<\/ul>\n<p>&nbsp;<\/p>\n<blockquote>\n<p style=\"text-align: center;\"><em>Die kontinuierliche Arbeit im Bereich der Informationstechnologie und Telekommunikationstechnik sowie die enge Zusammenarbeit mit Herstellern und vielen Firmen der Elektronikindustrie erm\u00f6glichen es uns, die neuen Technologien und Trends laufend zu verfolgen und sich an die Ver\u00e4nderungen in diesem sich schnell ver\u00e4ndernden Bereich anzupassen.<\/em><\/p>\n<\/blockquote>\n<div id='gallery-1' class='gallery galleryid-1502 gallery-columns-3 gallery-size-full'><figure class='gallery-item'>\n\t\t\t<div class='gallery-icon portrait'>\n\t\t\t\t<a href='https:\/\/elgra-poznan.eu\/wp-content\/uploads\/2017\/01\/20161229-IMG_4500-.jpg'><img loading=\"lazy\" decoding=\"async\" width=\"683\" height=\"1024\" src=\"https:\/\/elgra-poznan.eu\/wp-content\/uploads\/2017\/01\/20161229-IMG_4500-.jpg\" class=\"attachment-full size-full\" alt=\"\" srcset=\"https:\/\/elgra-poznan.eu\/wp-content\/uploads\/2017\/01\/20161229-IMG_4500-.jpg 683w, https:\/\/elgra-poznan.eu\/wp-content\/uploads\/2017\/01\/20161229-IMG_4500--200x300.jpg 200w\" sizes=\"(max-width: 683px) 100vw, 683px\" \/><\/a>\n\t\t\t<\/div><\/figure><figure class='gallery-item'>\n\t\t\t<div class='gallery-icon portrait'>\n\t\t\t\t<a href='https:\/\/elgra-poznan.eu\/wp-content\/uploads\/2017\/01\/DSC06385-.jpg'><img loading=\"lazy\" decoding=\"async\" width=\"538\" height=\"1024\" src=\"https:\/\/elgra-poznan.eu\/wp-content\/uploads\/2017\/01\/DSC06385-.jpg\" class=\"attachment-full size-full\" alt=\"\" srcset=\"https:\/\/elgra-poznan.eu\/wp-content\/uploads\/2017\/01\/DSC06385-.jpg 538w, https:\/\/elgra-poznan.eu\/wp-content\/uploads\/2017\/01\/DSC06385--158x300.jpg 158w\" sizes=\"(max-width: 538px) 100vw, 538px\" \/><\/a>\n\t\t\t<\/div><\/figure><figure class='gallery-item'>\n\t\t\t<div class='gallery-icon landscape'>\n\t\t\t\t<a href='https:\/\/elgra-poznan.eu\/wp-content\/uploads\/2017\/01\/foto.jpg'><img loading=\"lazy\" decoding=\"async\" width=\"624\" height=\"461\" src=\"https:\/\/elgra-poznan.eu\/wp-content\/uploads\/2017\/01\/foto.jpg\" class=\"attachment-full size-full\" alt=\"\" srcset=\"https:\/\/elgra-poznan.eu\/wp-content\/uploads\/2017\/01\/foto.jpg 624w, https:\/\/elgra-poznan.eu\/wp-content\/uploads\/2017\/01\/foto-300x222.jpg 300w\" sizes=\"(max-width: 624px) 100vw, 624px\" \/><\/a>\n\t\t\t<\/div><\/figure><figure class='gallery-item'>\n\t\t\t<div class='gallery-icon landscape'>\n\t\t\t\t<a href='https:\/\/elgra-poznan.eu\/wp-content\/uploads\/2017\/01\/aaaaaa.jpg'><img loading=\"lazy\" decoding=\"async\" width=\"1899\" height=\"1118\" src=\"https:\/\/elgra-poznan.eu\/wp-content\/uploads\/2017\/01\/aaaaaa.jpg\" class=\"attachment-full size-full\" alt=\"\" srcset=\"https:\/\/elgra-poznan.eu\/wp-content\/uploads\/2017\/01\/aaaaaa.jpg 1899w, https:\/\/elgra-poznan.eu\/wp-content\/uploads\/2017\/01\/aaaaaa-300x177.jpg 300w, https:\/\/elgra-poznan.eu\/wp-content\/uploads\/2017\/01\/aaaaaa-768x452.jpg 768w, https:\/\/elgra-poznan.eu\/wp-content\/uploads\/2017\/01\/aaaaaa-1024x603.jpg 1024w\" sizes=\"(max-width: 1899px) 100vw, 1899px\" \/><\/a>\n\t\t\t<\/div><\/figure><figure class='gallery-item'>\n\t\t\t<div class='gallery-icon portrait'>\n\t\t\t\t<a href='https:\/\/elgra-poznan.eu\/wp-content\/uploads\/2017\/01\/10629870_333325690166805_5228426888746356464_n-2.jpg'><img loading=\"lazy\" decoding=\"async\" width=\"634\" height=\"960\" src=\"https:\/\/elgra-poznan.eu\/wp-content\/uploads\/2017\/01\/10629870_333325690166805_5228426888746356464_n-2.jpg\" class=\"attachment-full size-full\" alt=\"\" srcset=\"https:\/\/elgra-poznan.eu\/wp-content\/uploads\/2017\/01\/10629870_333325690166805_5228426888746356464_n-2.jpg 634w, https:\/\/elgra-poznan.eu\/wp-content\/uploads\/2017\/01\/10629870_333325690166805_5228426888746356464_n-2-198x300.jpg 198w\" sizes=\"(max-width: 634px) 100vw, 634px\" \/><\/a>\n\t\t\t<\/div><\/figure><figure class='gallery-item'>\n\t\t\t<div class='gallery-icon landscape'>\n\t\t\t\t<a href='https:\/\/elgra-poznan.eu\/wp-content\/uploads\/2017\/01\/10515193_337360296430011_1989060376522268321_o-2.jpg'><img loading=\"lazy\" decoding=\"async\" width=\"2048\" height=\"1529\" src=\"https:\/\/elgra-poznan.eu\/wp-content\/uploads\/2017\/01\/10515193_337360296430011_1989060376522268321_o-2.jpg\" class=\"attachment-full size-full\" alt=\"\" srcset=\"https:\/\/elgra-poznan.eu\/wp-content\/uploads\/2017\/01\/10515193_337360296430011_1989060376522268321_o-2.jpg 2048w, https:\/\/elgra-poznan.eu\/wp-content\/uploads\/2017\/01\/10515193_337360296430011_1989060376522268321_o-2-300x224.jpg 300w, https:\/\/elgra-poznan.eu\/wp-content\/uploads\/2017\/01\/10515193_337360296430011_1989060376522268321_o-2-768x573.jpg 768w, https:\/\/elgra-poznan.eu\/wp-content\/uploads\/2017\/01\/10515193_337360296430011_1989060376522268321_o-2-1024x765.jpg 1024w\" sizes=\"(max-width: 2048px) 100vw, 2048px\" \/><\/a>\n\t\t\t<\/div><\/figure>\n\t\t<\/div>\n\n<p class=\"blue-header blue-paragraph\" style=\"text-align: center;\"><span style=\"font-size: 18pt;\"><strong>Wir bieten auch folgende Dienstleistungen an:<\/strong><\/span><\/p>\n","protected":false},"excerpt":{"rendered":"<p>Seit \u00fcber zehn Jahren sind wir Experte im Bereich der Entwicklung von komplexen Dienstleistungen verbunden mit IT-L\u00f6sungen, die den Aufbau, den Betrieb und den Service von IKT-Netzwerken, LAN-Netzwerken und Glasfasernetzen&#8230;<\/p>\n","protected":false},"author":4,"featured_media":0,"parent":0,"menu_order":0,"comment_status":"closed","ping_status":"closed","template":"","meta":{"footnotes":""},"class_list":["post-1502","page","type-page","status-publish","hentry"],"_links":{"self":[{"href":"https:\/\/elgra-poznan.eu\/de\/wp-json\/wp\/v2\/pages\/1502"}],"collection":[{"href":"https:\/\/elgra-poznan.eu\/de\/wp-json\/wp\/v2\/pages"}],"about":[{"href":"https:\/\/elgra-poznan.eu\/de\/wp-json\/wp\/v2\/types\/page"}],"author":[{"embeddable":true,"href":"https:\/\/elgra-poznan.eu\/de\/wp-json\/wp\/v2\/users\/4"}],"replies":[{"embeddable":true,"href":"https:\/\/elgra-poznan.eu\/de\/wp-json\/wp\/v2\/comments?post=1502"}],"version-history":[{"count":3,"href":"https:\/\/elgra-poznan.eu\/de\/wp-json\/wp\/v2\/pages\/1502\/revisions"}],"predecessor-version":[{"id":2082,"href":"https:\/\/elgra-poznan.eu\/de\/wp-json\/wp\/v2\/pages\/1502\/revisions\/2082"}],"wp:attachment":[{"href":"https:\/\/elgra-poznan.eu\/de\/wp-json\/wp\/v2\/media?parent=1502"}],"curies":[{"name":"wp","href":"https:\/\/api.w.org\/{rel}","templated":true}]}}