{"id":1508,"date":"2016-12-07T14:01:59","date_gmt":"2016-12-07T13:01:59","guid":{"rendered":"https:\/\/elgra-poznan.eu\/o-firmie\/"},"modified":"2017-03-09T15:00:21","modified_gmt":"2017-03-09T14:00:21","slug":"ueber-uns","status":"publish","type":"page","link":"https:\/\/elgra-poznan.eu\/de\/ueber-uns\/","title":{"rendered":"\u00dcber die Firma"},"content":{"rendered":"<p style=\"text-align: center;\"><span style=\"font-size: 12pt;\">Die Anf\u00e4nge von ELGRA Engineering werden auf das Jahr 1999 datiert. Die Geschichte des Unternehmens ist der Garant f\u00fcr die Stabilit\u00e4t und Zuverl\u00e4ssigkeit der Pr\u00e4senz auf dem Markt. Durch jahrelange Erfahrung haben wird das, was am wertvollsten ist &#8211; ein solides Wissen, das uns erm\u00f6glicht, die heutigen Marktver\u00e4nderungen besser zu verstehen und uns an die aktuellen Bed\u00fcrfnisse anzupassen.<\/span><\/p>\n<p class=\"blue-paragraph\"><img loading=\"lazy\" decoding=\"async\" class=\"aligncenter size-full wp-image-1040\" src=\"\/wp-content\/uploads\/2016\/12\/baner1-elgra.png\" alt=\"\" width=\"1140\" height=\"200\" srcset=\"https:\/\/elgra-poznan.eu\/wp-content\/uploads\/2016\/12\/baner1-elgra.png 1140w, https:\/\/elgra-poznan.eu\/wp-content\/uploads\/2016\/12\/baner1-elgra-300x53.png 300w, https:\/\/elgra-poznan.eu\/wp-content\/uploads\/2016\/12\/baner1-elgra-768x135.png 768w, https:\/\/elgra-poznan.eu\/wp-content\/uploads\/2016\/12\/baner1-elgra-1024x180.png 1024w\" sizes=\"(max-width: 1140px) 100vw, 1140px\" \/><\/p>\n<p class=\"blue-paragraph\"><strong><span style=\"font-size: 18pt;\">WICHTIGSTE DATEN<\/span><\/strong><\/p>\n<ul>\n<li>1999 r. \u2013 Entscheidung \u00fcber den Aufbau der Firma von Grund auf, die komplexe Dienstleistungen f\u00fcr die Industrie erbringt.<\/li>\n<li>2000 r.\u00a0 \u2013 Investition in die eigene Gro\u00dfhandlung ELEKTROTECH, die Produkte im Bereich Elektroautomatik anbietet.<\/li>\n<li>2006 r. \u2013 Erwerb und Renovierung des neuen Sitzes von ELGRA<\/li>\n<li>2008 r. \u2013 Implementierung des ISO-Systems<\/li>\n<li>2010 r. \u2013 Errichtung weiterer Abteilungen f\u00fcr die Umsetzung von komplexen Engineering-Themen<\/li>\n<li>2014 r. \u2013 Abschluss von Vertr\u00e4gen in Millionenh\u00f6he<\/li>\n<li>2015 r. \u2013 Verst\u00e4rkung der Partnerschaft mit Firma Astor und Erhalt des Zertifikates Silberner Partner (Srebrny Partner)<\/li>\n<li>2015 r. \u2013 Langj\u00e4hrige Zusammenarbeit mit Firma Siemens und Erhalt des Zertifikates Siemens Solutions Partner<\/li>\n<li>2015 r. \u2013 \u00c4nderung der Rechtspers\u00f6nlichkeit des Unternehmens von PHU ELGRA auf ELGRA Engineering Sp. z o.o. Sp. k.<\/li>\n<\/ul>\n<p class=\"blue-paragraph\"><strong><span style=\"font-size: 18pt;\">KOMPLEXE L\u00d6SUNGEN<\/span><\/strong><\/p>\n<p><span style=\"font-size: 12pt;\">7 spezialisierte technische Abteilungen, die durch gemeinsame Arbeit unseren Kunden schl\u00fcsselfertige L\u00f6sungen sicherstellen<\/span><\/p>\n<p class=\"blue-paragraph\"><img loading=\"lazy\" decoding=\"async\" class=\"size-full wp-image-1041 alignright\" src=\"\/wp-content\/uploads\/2016\/12\/baner2-elgra.png\" alt=\"\" width=\"300\" height=\"300\" srcset=\"https:\/\/elgra-poznan.eu\/wp-content\/uploads\/2016\/12\/baner2-elgra.png 300w, https:\/\/elgra-poznan.eu\/wp-content\/uploads\/2016\/12\/baner2-elgra-150x150.png 150w\" sizes=\"(max-width: 300px) 100vw, 300px\" \/><strong><span style=\"font-size: 18pt;\">DIE INVESTITIONEN REALISIEREN WIR IN ETAPPEN:<\/span><\/strong><\/p>\n<p class=\"blue-paragraph\">\n<p class=\"blue-paragraph\">\n<ul>\n<li>ETAPPE I &#8211; Konzeptvorbereitung<\/li>\n<li>ETAPPE II \u2013 Montage von Automatiksystemen<\/li>\n<li>ETAPPE III \u2013 Tests und Pr\u00fcfungen<\/li>\n<li>ETAPPE IV \u2013 Objektmontage<\/li>\n<li>ETAPPE V \u2013 Inbetriebnahme<\/li>\n<li>ETAPPE VI \u2013 Service<\/li>\n<\/ul>\n<p class=\"blue-paragraph\"><strong><span style=\"font-size: 18pt;\">WIR BESCH\u00c4FTIGEN DIE BESTEN<\/span><\/strong><\/p>\n<p style=\"line-height: 20px;\">Unser Team besteht aus au\u00dfergew\u00f6hnlichen Menschen, die hohe Standards und ehrgeizige Ziele erreichen. Wir besch\u00e4ftigen Profis mit Kenntnissen und langj\u00e4hrigen Erfahrung in der Branche, die in die realisierte Arbeit maximal engagiert sind. Durch den Einsatz eines jeden von ihnen haben \u00fcber 600 industrielle Automatisierungsanwendungen in mehr als 10 L\u00e4ndern auf der ganzen Welt implementiert. Wir investieren stets in ihre Entwicklung, weil wir glauben, dass wir nur mit ihnen imstande sind, gro\u00dfe Dinge zu realisieren.<\/p>\n<p class=\"blue-paragraph\"><span style=\"font-size: 18pt;\"><strong>BEI DER AUSWAHL UNSERER DIENSTLEISTUNGEN UND ENGINEERING-L\u00d6SUNGEN SETZEN UNSERE KUNDEN AUF:<\/strong><\/span><\/p>\n<ul>\n<li>die zuverl\u00e4ssige Funktion<\/li>\n<li>die fortgeschrittenen Technologien<\/li>\n<li>die hohe Ausf\u00fchrungsqualit\u00e4t<\/li>\n<li>die professionelle Beratung<\/li>\n<li>die wirtschaftliche Zufriedenheit<\/li>\n<li>partnerschaftliche Beziehungen<\/li>\n<\/ul>\n","protected":false},"excerpt":{"rendered":"<p>Die Anf\u00e4nge von ELGRA Engineering werden auf das Jahr 1999 datiert. Die Geschichte des Unternehmens ist der Garant f\u00fcr die Stabilit\u00e4t und Zuverl\u00e4ssigkeit der Pr\u00e4senz auf dem Markt. Durch jahrelange&#8230;<\/p>\n","protected":false},"author":1,"featured_media":0,"parent":0,"menu_order":0,"comment_status":"closed","ping_status":"closed","template":"","meta":{"footnotes":""},"class_list":["post-1508","page","type-page","status-publish","hentry"],"_links":{"self":[{"href":"https:\/\/elgra-poznan.eu\/de\/wp-json\/wp\/v2\/pages\/1508"}],"collection":[{"href":"https:\/\/elgra-poznan.eu\/de\/wp-json\/wp\/v2\/pages"}],"about":[{"href":"https:\/\/elgra-poznan.eu\/de\/wp-json\/wp\/v2\/types\/page"}],"author":[{"embeddable":true,"href":"https:\/\/elgra-poznan.eu\/de\/wp-json\/wp\/v2\/users\/1"}],"replies":[{"embeddable":true,"href":"https:\/\/elgra-poznan.eu\/de\/wp-json\/wp\/v2\/comments?post=1508"}],"version-history":[{"count":5,"href":"https:\/\/elgra-poznan.eu\/de\/wp-json\/wp\/v2\/pages\/1508\/revisions"}],"predecessor-version":[{"id":2092,"href":"https:\/\/elgra-poznan.eu\/de\/wp-json\/wp\/v2\/pages\/1508\/revisions\/2092"}],"wp:attachment":[{"href":"https:\/\/elgra-poznan.eu\/de\/wp-json\/wp\/v2\/media?parent=1508"}],"curies":[{"name":"wp","href":"https:\/\/api.w.org\/{rel}","templated":true}]}}